{"id":4745,"date":"2019-02-04T14:55:59","date_gmt":"2019-02-04T19:55:59","guid":{"rendered":"https:\/\/blog.canadamotorjobs.com\/?page_id=4745"},"modified":"2019-08-19T16:47:11","modified_gmt":"2019-08-19T20:47:11","slug":"nouvelles","status":"publish","type":"page","link":"https:\/\/news.canadamotorjobs.com\/fr\/nouvelles\/","title":{"rendered":"Nouvelles"},"content":{"rendered":"<div  class='av-alb-blogposts template-blog  '  itemscope=\"itemscope\" itemtype=\"https:\/\/schema.org\/Blog\" ><article class=\"post-entry post-entry-type-standard post-entry-240506 post-loop-1 post-parity-odd single-big with-slider post-240506 post type-post status-publish format-standard has-post-thumbnail hentry category-annuel-automobile\"  itemscope=\"itemscope\" itemtype=\"https:\/\/schema.org\/BlogPosting\" ><div class=\"blog-meta\"><\/div><div class='entry-content-wrapper clearfix standard-content'><header class=\"entry-content-header\" aria-label=\"Post: Nissan Rogue 2027 e-POWER\"><div class=\"av-heading-wrapper\"><h2 class='post-title entry-title '  itemprop=\"headline\" ><a href=\"https:\/\/news.canadamotorjobs.com\/fr\/nissan-rogue-2027-e-power\/\" rel=\"bookmark\" title=\"Permanent Link: Nissan Rogue 2027 e-POWER\">Nissan Rogue 2027 e-POWER<span class=\"post-format-icon minor-meta\"><\/span><\/a><\/h2><span class=\"blog-categories minor-meta\"><a href=\"https:\/\/news.canadamotorjobs.com\/fr\/category\/annuel-automobile\/\" rel=\"tag\">Annuel automobile<\/a><\/span><\/div><\/header><span class=\"av-vertical-delimiter\"><\/span><div class=\"big-preview single-big\"  itemprop=\"image\" itemscope=\"itemscope\" itemtype=\"https:\/\/schema.org\/ImageObject\" ><a href=\"https:\/\/news.canadamotorjobs.com\/fr\/nissan-rogue-2027-e-power\/\"  title=\"0TH3817-2.jpg\" ><img decoding=\"async\" loading=\"lazy\" width=\"845\" height=\"321\" src=\"https:\/\/news.canadamotorjobs.com\/wp-content\/uploads\/2026\/04\/0TH3817-2-845x321.jpg\" class=\"wp-image-240508 avia-img-lazy-loading-240508 attachment-entry_with_sidebar size-entry_with_sidebar wp-post-image\" alt=\"\" \/><\/a><\/div><div class=\"entry-content\"  itemprop=\"text\" ><a href='' target='_blank' rel=\"noopener\"><\/a><p>Yokohama, Japon \u2014 Il y a des virages technologiques qu\u2019on annonce\u2026 et d\u2019autres qu\u2019on ressent d\u00e8s les premiers m\u00e8tres. Avec le Rogue 2027 e-POWER, Nissan ne se contente pas d\u2019ajuster sa recette : il change carr\u00e9ment de cuisine. Fini l\u2019hybride rechargeable emprunt\u00e9 \u00e0 Mitsubishi Motors, place \u00e0 une solution maison qui existe depuis pr\u00e8s d\u2019une [&hellip;]<\/p>\n<div class=\"read-more-link\"><a href=\"https:\/\/news.canadamotorjobs.com\/fr\/nissan-rogue-2027-e-power\/\" class=\"more-link\">Read more<span class=\"more-link-arrow\"><\/span><\/a><\/div>\n<\/div><span class=\"post-meta-infos\"><time class=\"date-container minor-meta updated\"  itemprop=\"datePublished\" datetime=\"2026-04-22T09:10:46-04:00\" >avril 22, 2026<\/time><span class=\"text-sep\">\/<\/span><span class=\"blog-author minor-meta\">by <span class=\"entry-author-link\"  itemprop=\"author\" ><span class=\"author\"><span class=\"fn\"><a href=\"https:\/\/news.canadamotorjobs.com\/fr\/author\/benoit-charette\/\" title=\"Articles par Benoit Charette\" rel=\"author\">Benoit Charette<\/a><\/span><\/span><\/span><\/span><\/span><footer class=\"entry-footer\"><\/footer><div class='post_delimiter'><\/div><\/div><div class=\"post_author_timeline\"><\/div><span class='hidden'>\n\t\t\t\t<span class='av-structured-data'  itemprop=\"image\" itemscope=\"itemscope\" itemtype=\"https:\/\/schema.org\/ImageObject\" >\n\t\t\t\t\t\t<span itemprop='url'>https:\/\/news.canadamotorjobs.com\/wp-content\/uploads\/2026\/04\/0TH3817-2.jpg<\/span>\n\t\t\t\t\t\t<span itemprop='height'>800<\/span>\n\t\t\t\t\t\t<span itemprop='width'>1200<\/span>\n\t\t\t\t<\/span>\n\t\t\t\t<span class='av-structured-data'  itemprop=\"publisher\" itemtype=\"https:\/\/schema.org\/Organization\" itemscope=\"itemscope\" >\n\t\t\t\t\t\t<span itemprop='name'>Benoit Charette<\/span>\n\t\t\t\t\t\t<span itemprop='logo' itemscope itemtype='https:\/\/schema.org\/ImageObject'>\n\t\t\t\t\t\t\t<span itemprop='url'>https:\/\/news.canadamotorjobs.com\/wp-content\/uploads\/2021\/06\/logo-canada-motor-jobs-white-1.png<\/span>\n\t\t\t\t\t\t<\/span>\n\t\t\t\t<\/span><span class='av-structured-data'  itemprop=\"author\" itemscope=\"itemscope\" itemtype=\"https:\/\/schema.org\/Person\" ><span itemprop='name'>Benoit Charette<\/span><\/span><span class='av-structured-data'  itemprop=\"datePublished\" datetime=\"2026-04-22T09:10:46-04:00\" >2026-04-22 09:10:46<\/span><span class='av-structured-data'  itemprop=\"dateModified\" itemtype=\"https:\/\/schema.org\/dateModified\" >2026-04-22 09:19:45<\/span><span class='av-structured-data'  itemprop=\"mainEntityOfPage\" itemtype=\"https:\/\/schema.org\/mainEntityOfPage\" ><span itemprop='name'>Nissan Rogue 2027 e-POWER<\/span><\/span><\/span><\/article><article class=\"post-entry post-entry-type-standard post-entry-240487 post-loop-2 post-parity-even single-big with-slider post-240487 post type-post status-publish format-standard has-post-thumbnail hentry category-annuel-automobile\"  itemscope=\"itemscope\" itemtype=\"https:\/\/schema.org\/BlogPosting\" ><div class=\"blog-meta\"><\/div><div class='entry-content-wrapper clearfix standard-content'><header class=\"entry-content-header\" aria-label=\"Post: P\u00e9nurie de Ford F-150\"><div class=\"av-heading-wrapper\"><h2 class='post-title entry-title '  itemprop=\"headline\" ><a href=\"https:\/\/news.canadamotorjobs.com\/fr\/penurie-de-ford-f-150\/\" rel=\"bookmark\" title=\"Permanent Link: P\u00e9nurie de Ford F-150\">P\u00e9nurie de Ford F-150<span class=\"post-format-icon minor-meta\"><\/span><\/a><\/h2><span class=\"blog-categories minor-meta\"><a href=\"https:\/\/news.canadamotorjobs.com\/fr\/category\/annuel-automobile\/\" rel=\"tag\">Annuel automobile<\/a><\/span><\/div><\/header><span class=\"av-vertical-delimiter\"><\/span><div class=\"big-preview single-big\"  itemprop=\"image\" itemscope=\"itemscope\" itemtype=\"https:\/\/schema.org\/ImageObject\" ><a href=\"https:\/\/news.canadamotorjobs.com\/fr\/penurie-de-ford-f-150\/\"  title=\"2024-Ford-F-150-Lariat-front-back-quarterl-1.jpg\" ><img decoding=\"async\" loading=\"lazy\" width=\"845\" height=\"321\" src=\"https:\/\/news.canadamotorjobs.com\/wp-content\/uploads\/2026\/04\/2024-Ford-F-150-Lariat-front-back-quarterl-1-845x321.jpg\" class=\"wp-image-240489 avia-img-lazy-loading-240489 attachment-entry_with_sidebar size-entry_with_sidebar wp-post-image\" alt=\"\" \/><\/a><\/div><div class=\"entry-content\"  itemprop=\"text\" ><a href='' target='_blank' rel=\"noopener\"><\/a><p>Une crise d\u2019approvisionnement inattendue Le Ford F-150 traverse une zone de turbulence inhabituelle. Malgr\u00e9 une demande toujours forte, la camionnette la plus vendue en Am\u00e9rique du Nord souffre actuellement d\u2019une p\u00e9nurie importante qui met les concessionnaires sous pression. En cause : une s\u00e9rie d\u2019incendies chez Novelis, principal fournisseur d\u2019aluminium de Ford Motor Company. Trois incendies [&hellip;]<\/p>\n<div class=\"read-more-link\"><a href=\"https:\/\/news.canadamotorjobs.com\/fr\/penurie-de-ford-f-150\/\" class=\"more-link\">Read more<span class=\"more-link-arrow\"><\/span><\/a><\/div>\n<\/div><span class=\"post-meta-infos\"><time class=\"date-container minor-meta updated\"  itemprop=\"datePublished\" datetime=\"2026-04-22T07:58:23-04:00\" >avril 22, 2026<\/time><span class=\"text-sep\">\/<\/span><span class=\"blog-author minor-meta\">by <span class=\"entry-author-link\"  itemprop=\"author\" ><span class=\"author\"><span class=\"fn\"><a href=\"https:\/\/news.canadamotorjobs.com\/fr\/author\/benoit-charette\/\" title=\"Articles par Benoit Charette\" rel=\"author\">Benoit Charette<\/a><\/span><\/span><\/span><\/span><\/span><footer class=\"entry-footer\"><\/footer><div class='post_delimiter'><\/div><\/div><div class=\"post_author_timeline\"><\/div><span class='hidden'>\n\t\t\t\t<span class='av-structured-data'  itemprop=\"image\" itemscope=\"itemscope\" itemtype=\"https:\/\/schema.org\/ImageObject\" >\n\t\t\t\t\t\t<span itemprop='url'>https:\/\/news.canadamotorjobs.com\/wp-content\/uploads\/2026\/04\/2024-Ford-F-150-Lariat-front-back-quarterl-1.jpg<\/span>\n\t\t\t\t\t\t<span itemprop='height'>590<\/span>\n\t\t\t\t\t\t<span itemprop='width'>957<\/span>\n\t\t\t\t<\/span>\n\t\t\t\t<span class='av-structured-data'  itemprop=\"publisher\" itemtype=\"https:\/\/schema.org\/Organization\" itemscope=\"itemscope\" >\n\t\t\t\t\t\t<span itemprop='name'>Benoit Charette<\/span>\n\t\t\t\t\t\t<span itemprop='logo' itemscope itemtype='https:\/\/schema.org\/ImageObject'>\n\t\t\t\t\t\t\t<span itemprop='url'>https:\/\/news.canadamotorjobs.com\/wp-content\/uploads\/2021\/06\/logo-canada-motor-jobs-white-1.png<\/span>\n\t\t\t\t\t\t<\/span>\n\t\t\t\t<\/span><span class='av-structured-data'  itemprop=\"author\" itemscope=\"itemscope\" itemtype=\"https:\/\/schema.org\/Person\" ><span itemprop='name'>Benoit Charette<\/span><\/span><span class='av-structured-data'  itemprop=\"datePublished\" datetime=\"2026-04-22T07:58:23-04:00\" >2026-04-22 07:58:23<\/span><span class='av-structured-data'  itemprop=\"dateModified\" itemtype=\"https:\/\/schema.org\/dateModified\" >2026-04-22 08:04:47<\/span><span class='av-structured-data'  itemprop=\"mainEntityOfPage\" itemtype=\"https:\/\/schema.org\/mainEntityOfPage\" ><span itemprop='name'>P\u00e9nurie de Ford F-150<\/span><\/span><\/span><\/article><article class=\"post-entry post-entry-type-standard post-entry-240464 post-loop-3 post-parity-odd post-entry-last single-big with-slider post-240464 post type-post status-publish format-standard has-post-thumbnail hentry category-annuel-automobile\"  itemscope=\"itemscope\" itemtype=\"https:\/\/schema.org\/BlogPosting\" ><div class=\"blog-meta\"><\/div><div class='entry-content-wrapper clearfix standard-content'><header class=\"entry-content-header\" aria-label=\"Post: GM suspend ses camions \u00e9lectriques et revient \u00e0 l\u2019essence\"><div class=\"av-heading-wrapper\"><h2 class='post-title entry-title '  itemprop=\"headline\" ><a href=\"https:\/\/news.canadamotorjobs.com\/fr\/gm-suspend-ses-camions-electriques-et-revient-a-lessence\/\" rel=\"bookmark\" title=\"Permanent Link: GM suspend ses camions \u00e9lectriques et revient \u00e0 l\u2019essence\">GM suspend ses camions \u00e9lectriques et revient \u00e0 l\u2019essence<span class=\"post-format-icon minor-meta\"><\/span><\/a><\/h2><span class=\"blog-categories minor-meta\"><a href=\"https:\/\/news.canadamotorjobs.com\/fr\/category\/annuel-automobile\/\" rel=\"tag\">Annuel automobile<\/a><\/span><\/div><\/header><span class=\"av-vertical-delimiter\"><\/span><div class=\"big-preview single-big\"  itemprop=\"image\" itemscope=\"itemscope\" itemtype=\"https:\/\/schema.org\/ImageObject\" ><a href=\"https:\/\/news.canadamotorjobs.com\/fr\/gm-suspend-ses-camions-electriques-et-revient-a-lessence\/\"  title=\"Chevrolet_Silverado_EV_3.jpg\" ><img decoding=\"async\" loading=\"lazy\" width=\"845\" height=\"321\" src=\"https:\/\/news.canadamotorjobs.com\/wp-content\/uploads\/2026\/04\/Chevrolet_Silverado_EV_3-845x321.jpg\" class=\"wp-image-240466 avia-img-lazy-loading-240466 attachment-entry_with_sidebar size-entry_with_sidebar wp-post-image\" alt=\"\" \/><\/a><\/div><div class=\"entry-content\"  itemprop=\"text\" ><a href='' target='_blank' rel=\"noopener\"><\/a><p>Le g\u00e9ant am\u00e9ricain General Motors met brusquement un frein \u00e0 ses ambitions \u00e9lectriques. Le constructeur a d\u00e9cid\u00e9 de suspendre ind\u00e9finiment le renouvellement de sa gamme de camions et VUS \u00e9lectriques pleine grandeur, laissant planer un doute sur l\u2019avenir des Chevrolet Silverado EV, GMC Sierra EV, Hummer EV et Cadillac Escalade IQ au-del\u00e0 de leur g\u00e9n\u00e9ration [&hellip;]<\/p>\n<div class=\"read-more-link\"><a href=\"https:\/\/news.canadamotorjobs.com\/fr\/gm-suspend-ses-camions-electriques-et-revient-a-lessence\/\" class=\"more-link\">Read more<span class=\"more-link-arrow\"><\/span><\/a><\/div>\n<\/div><span class=\"post-meta-infos\"><time class=\"date-container minor-meta updated\"  itemprop=\"datePublished\" datetime=\"2026-04-22T07:44:12-04:00\" >avril 22, 2026<\/time><span class=\"text-sep\">\/<\/span><span class=\"blog-author minor-meta\">by <span class=\"entry-author-link\"  itemprop=\"author\" ><span class=\"author\"><span class=\"fn\"><a href=\"https:\/\/news.canadamotorjobs.com\/fr\/author\/benoit-charette\/\" title=\"Articles par Benoit Charette\" rel=\"author\">Benoit Charette<\/a><\/span><\/span><\/span><\/span><\/span><footer class=\"entry-footer\"><\/footer><div class='post_delimiter'><\/div><\/div><div class=\"post_author_timeline\"><\/div><span class='hidden'>\n\t\t\t\t<span class='av-structured-data'  itemprop=\"image\" itemscope=\"itemscope\" itemtype=\"https:\/\/schema.org\/ImageObject\" >\n\t\t\t\t\t\t<span itemprop='url'>https:\/\/news.canadamotorjobs.com\/wp-content\/uploads\/2026\/04\/Chevrolet_Silverado_EV_3.jpg<\/span>\n\t\t\t\t\t\t<span itemprop='height'>800<\/span>\n\t\t\t\t\t\t<span itemprop='width'>1200<\/span>\n\t\t\t\t<\/span>\n\t\t\t\t<span class='av-structured-data'  itemprop=\"publisher\" itemtype=\"https:\/\/schema.org\/Organization\" itemscope=\"itemscope\" >\n\t\t\t\t\t\t<span itemprop='name'>Benoit Charette<\/span>\n\t\t\t\t\t\t<span itemprop='logo' itemscope itemtype='https:\/\/schema.org\/ImageObject'>\n\t\t\t\t\t\t\t<span itemprop='url'>https:\/\/news.canadamotorjobs.com\/wp-content\/uploads\/2021\/06\/logo-canada-motor-jobs-white-1.png<\/span>\n\t\t\t\t\t\t<\/span>\n\t\t\t\t<\/span><span class='av-structured-data'  itemprop=\"author\" itemscope=\"itemscope\" itemtype=\"https:\/\/schema.org\/Person\" ><span itemprop='name'>Benoit Charette<\/span><\/span><span class='av-structured-data'  itemprop=\"datePublished\" datetime=\"2026-04-22T07:44:12-04:00\" >2026-04-22 07:44:12<\/span><span class='av-structured-data'  itemprop=\"dateModified\" itemtype=\"https:\/\/schema.org\/dateModified\" >2026-04-22 07:50:02<\/span><span class='av-structured-data'  itemprop=\"mainEntityOfPage\" itemtype=\"https:\/\/schema.org\/mainEntityOfPage\" ><span itemprop='name'>GM suspend ses camions \u00e9lectriques et revient \u00e0 l\u2019essence<\/span><\/span><\/span><\/article><div class='single-big'><nav class='pagination'><span class='pagination-meta'>Page 1 of 2086<\/span><span class='current'>1<\/span><a href='https:\/\/news.canadamotorjobs.com\/fr\/wp-json\/wp\/v2\/pages\/4745\/page\/2\/' class='inactive next_page' >2<\/a><a href='https:\/\/news.canadamotorjobs.com\/fr\/wp-json\/wp\/v2\/pages\/4745\/page\/3\/' class='inactive' >3<\/a><a href='https:\/\/news.canadamotorjobs.com\/fr\/wp-json\/wp\/v2\/pages\/4745\/page\/2\/'>&rsaquo;<\/a><a href='https:\/\/news.canadamotorjobs.com\/fr\/wp-json\/wp\/v2\/pages\/4745\/page\/2086\/'>&raquo;<\/a><\/nav>\n<\/div><\/div>\n","protected":false},"excerpt":{"rendered":"","protected":false},"author":1,"featured_media":0,"parent":0,"menu_order":0,"comment_status":"closed","ping_status":"closed","template":"","meta":{"_monsterinsights_skip_tracking":false,"_monsterinsights_sitenote_active":false,"_monsterinsights_sitenote_note":"","_monsterinsights_sitenote_category":0,"footnotes":""},"yoast_head":"<!-- This site is optimized with the Yoast SEO plugin v23.2 - https:\/\/yoast.com\/wordpress\/plugins\/seo\/ -->\n<title>Nouvelles - CanadaMotorJobs.com<\/title>\n<meta name=\"robots\" content=\"index, follow, max-snippet:-1, max-image-preview:large, max-video-preview:-1\" \/>\n<meta property=\"og:locale\" content=\"fr_CA\" \/>\n<meta property=\"og:type\" content=\"article\" \/>\n<meta property=\"og:title\" content=\"Nouvelles - CanadaMotorJobs.com\" \/>\n<meta property=\"og:url\" content=\"https:\/\/news.canadamotorjobs.com\/fr\/gm-suspend-ses-camions-electriques-et-revient-a-lessence\/\" \/>\n<meta property=\"og:site_name\" content=\"CanadaMotorJobs.com\" \/>\n<meta property=\"article:publisher\" content=\"https:\/\/www.facebook.com\/canadamotorjobs\/\" \/>\n<meta property=\"article:modified_time\" content=\"2019-08-19T20:47:11+00:00\" \/>\n<meta name=\"twitter:card\" content=\"summary_large_image\" \/>\n<meta name=\"twitter:site\" content=\"@canadamotorjobs\" \/>\n<!-- \/ Yoast SEO plugin. -->","yoast_head_json":{"title":"Nouvelles - CanadaMotorJobs.com","robots":{"index":"index","follow":"follow","max-snippet":"max-snippet:-1","max-image-preview":"max-image-preview:large","max-video-preview":"max-video-preview:-1"},"og_locale":"fr_CA","og_type":"article","og_title":"Nouvelles - CanadaMotorJobs.com","og_url":"https:\/\/news.canadamotorjobs.com\/fr\/gm-suspend-ses-camions-electriques-et-revient-a-lessence\/","og_site_name":"CanadaMotorJobs.com","article_publisher":"https:\/\/www.facebook.com\/canadamotorjobs\/","article_modified_time":"2019-08-19T20:47:11+00:00","twitter_card":"summary_large_image","twitter_site":"@canadamotorjobs","schema":{"@context":"https:\/\/schema.org","@graph":[{"@type":"WebPage","@id":"https:\/\/news.canadamotorjobs.com\/fr\/nouvelles\/","url":"https:\/\/news.canadamotorjobs.com\/fr\/nouvelles\/","name":"Nouvelles - CanadaMotorJobs.com","isPartOf":{"@id":"https:\/\/news.canadamotorjobs.com\/#website"},"datePublished":"2019-02-04T19:55:59+00:00","dateModified":"2019-08-19T20:47:11+00:00","breadcrumb":{"@id":"https:\/\/news.canadamotorjobs.com\/fr\/nouvelles\/#breadcrumb"},"inLanguage":"fr-CA","potentialAction":[{"@type":"ReadAction","target":["https:\/\/news.canadamotorjobs.com\/fr\/nouvelles\/"]}]},{"@type":"BreadcrumbList","@id":"https:\/\/news.canadamotorjobs.com\/fr\/nouvelles\/#breadcrumb","itemListElement":[{"@type":"ListItem","position":1,"name":"Home","item":"https:\/\/news.canadamotorjobs.com\/fr\/blog\/"},{"@type":"ListItem","position":2,"name":"Nouvelles"}]},{"@type":"WebSite","@id":"https:\/\/news.canadamotorjobs.com\/#website","url":"https:\/\/news.canadamotorjobs.com\/","name":"CanadaMotorJobs.com","description":"Automotive Jobs","publisher":{"@id":"https:\/\/news.canadamotorjobs.com\/#organization"},"potentialAction":[{"@type":"SearchAction","target":{"@type":"EntryPoint","urlTemplate":"https:\/\/news.canadamotorjobs.com\/?s={search_term_string}"},"query-input":"required name=search_term_string"}],"inLanguage":"fr-CA"},{"@type":"Organization","@id":"https:\/\/news.canadamotorjobs.com\/#organization","name":"Canada Motor Jobs","url":"https:\/\/news.canadamotorjobs.com\/","logo":{"@type":"ImageObject","inLanguage":"fr-CA","@id":"https:\/\/news.canadamotorjobs.com\/#\/schema\/logo\/image\/","url":"https:\/\/news.canadamotorjobs.com\/wp-content\/uploads\/2022\/10\/logo-canada-motor-jobs-1.png","contentUrl":"https:\/\/news.canadamotorjobs.com\/wp-content\/uploads\/2022\/10\/logo-canada-motor-jobs-1.png","width":800,"height":400,"caption":"Canada Motor Jobs"},"image":{"@id":"https:\/\/news.canadamotorjobs.com\/#\/schema\/logo\/image\/"},"sameAs":["https:\/\/www.facebook.com\/canadamotorjobs\/","https:\/\/x.com\/canadamotorjobs","https:\/\/www.instagram.com\/canadamotorjobs\/","https:\/\/www.linkedin.com\/company\/canadamotorjobs"]}]}},"_links":{"self":[{"href":"https:\/\/news.canadamotorjobs.com\/fr\/wp-json\/wp\/v2\/pages\/4745"}],"collection":[{"href":"https:\/\/news.canadamotorjobs.com\/fr\/wp-json\/wp\/v2\/pages"}],"about":[{"href":"https:\/\/news.canadamotorjobs.com\/fr\/wp-json\/wp\/v2\/types\/page"}],"author":[{"embeddable":true,"href":"https:\/\/news.canadamotorjobs.com\/fr\/wp-json\/wp\/v2\/users\/1"}],"replies":[{"embeddable":true,"href":"https:\/\/news.canadamotorjobs.com\/fr\/wp-json\/wp\/v2\/comments?post=4745"}],"version-history":[{"count":0,"href":"https:\/\/news.canadamotorjobs.com\/fr\/wp-json\/wp\/v2\/pages\/4745\/revisions"}],"wp:attachment":[{"href":"https:\/\/news.canadamotorjobs.com\/fr\/wp-json\/wp\/v2\/media?parent=4745"}],"curies":[{"name":"wp","href":"https:\/\/api.w.org\/{rel}","templated":true}]}}